{"id":124,"date":"2016-12-21T21:58:47","date_gmt":"2016-12-21T20:58:47","guid":{"rendered":"http:\/\/balans.org.ba\/bs-homepage-7\/"},"modified":"2016-12-21T21:58:47","modified_gmt":"2016-12-21T20:58:47","slug":"bs-homepage-7","status":"publish","type":"page","link":"https:\/\/balans.org.ba\/tr\/bs-homepage-7\/","title":{"rendered":"Homepage 7"},"content":{"rendered":"<div data-vc-full-width=\"true\" data-vc-full-width-init=\"false\" class=\"row vc_row wpb_row vc_row-fluid vc_custom_1469867924543 vc_row-has-fill\"><div class=\"bs-vc-wrapper\"><div class=\"wpb_column bs-vc-column vc_column_container vc_col-sm-12\"><div class=\"bs-vc-wrapper wpb_wrapper\"><div class=\"vc_custom_1470124096605 bs-listing bs-listing-slider-1 bs-listing-single-tab\">\t<div class=\"bs-shortcode bs-slider bs-slider-1 clearfix  l-1\">\n\n\t\t<div class=\"better-slider\" id=\"slider-1244159731\"\n\t\t     data-slideshowspeed=\"7000\"\n\t\t     data-animation=\"fade\"\n\t\t     data-controlnav=\"1\"\n\t\t     data-animationspeed=\"600\">\n\t\t\t<ul class=\"slides\">\n\t\t\t\t\t\t\t\t\t<li class=\"slide bs-slider-item bs-slider-1-item main-term-1 has-post-thumbnail\">\n\t\t\t\t\t\t<div class=\"item-content\">\n\n\t\t\t\t\t\t\t<a class=\"img-cont\" href=\"https:\/\/balans.org.ba\/tr\/novo-izdanje-balans-a-muhamed-tajib-okic-obrazovanje-zene-u-islamu\/\"\n\t\t\t\t\t\t\t   style=\"background-image: url('https:\/\/balans.org.ba\/wp-content\/uploads\/2025\/06\/okic-945x580.jpg')\"><\/a>\n\t\t\t\t\t\t\t<div class=\"term-badges floated\"><span class=\"term-badge term-1\"><a href=\"https:\/\/balans.org.ba\/tr\/desavanja\/\">ETKINLIKLER<\/a><\/span><\/div>\t\t\t\t\t\t\t<div class=\"content-container\">\n\t\t\t\t\t\t\t\t<h3 class=\"title\">\t\t\t\t\t\t\t\t<a class=\"post-url post-title\" href=\"https:\/\/balans.org.ba\/tr\/novo-izdanje-balans-a-muhamed-tajib-okic-obrazovanje-zene-u-islamu\/\">\n\t\t\t\t\t\t\t\t\tNOVO IZDANJE BALANS-a: OBRAZOVANJE \u017dENE U ISLAMU (MUHAMED TAJIB OKI\u0106)\t\t\t\t\t\t\t\t<\/a>\n\t\t\t\t\t\t\t\t<\/h3>\t\t\t\t\t\t\t<\/div>\n\t\t\t\t\t\t<\/div>\n\t\t\t\t\t<\/li>\n\t\t\t\t\t\t\t\t\t\t<li class=\"slide bs-slider-item bs-slider-1-item main-term-1 has-post-thumbnail\">\n\t\t\t\t\t\t<div class=\"item-content\">\n\n\t\t\t\t\t\t\t<a class=\"img-cont\" href=\"https:\/\/balans.org.ba\/tr\/poziv-na-akciju-protiv-kineskog-progona-na-medjunarodnom-ujgurskom-forumu-u-briselu\/\"\n\t\t\t\t\t\t\t   style=\"background-image: url('https:\/\/balans.org.ba\/wp-content\/uploads\/2022\/11\/Slika-4-1130x580.jpg')\"><\/a>\n\t\t\t\t\t\t\t<div class=\"term-badges floated\"><span class=\"term-badge term-1\"><a href=\"https:\/\/balans.org.ba\/tr\/desavanja\/\">ETKINLIKLER<\/a><\/span><\/div>\t\t\t\t\t\t\t<div class=\"content-container\">\n\t\t\t\t\t\t\t\t<h3 class=\"title\">\t\t\t\t\t\t\t\t<a class=\"post-url post-title\" href=\"https:\/\/balans.org.ba\/tr\/poziv-na-akciju-protiv-kineskog-progona-na-medjunarodnom-ujgurskom-forumu-u-briselu\/\">\n\t\t\t\t\t\t\t\t\tPOZIV NA AKCIJU PROTIV KINESKOG PROGONA NA ME\u0110UNARODNOM UJGURSKOM FORUMU U BRISELU\t\t\t\t\t\t\t\t<\/a>\n\t\t\t\t\t\t\t\t<\/h3>\t\t\t\t\t\t\t<\/div>\n\t\t\t\t\t\t<\/div>\n\t\t\t\t\t<\/li>\n\t\t\t\t\t\t\t\t\t\t<li class=\"slide bs-slider-item bs-slider-1-item main-term-488 has-post-thumbnail\">\n\t\t\t\t\t\t<div class=\"item-content\">\n\n\t\t\t\t\t\t\t<a class=\"img-cont\" href=\"https:\/\/balans.org.ba\/tr\/istikrarlastirici-guc-turkiye\/\"\n\t\t\t\t\t\t\t   style=\"background-image: url('https:\/\/balans.org.ba\/wp-content\/uploads\/2022\/09\/ISTIKRARLASTIRICI-GUC-TURKIYE-960x580.jpeg')\"><\/a>\n\t\t\t\t\t\t\t<div class=\"term-badges floated\"><span class=\"term-badge term-488\"><a href=\"https:\/\/balans.org.ba\/tr\/diplomatija\/\">Diplomatija<\/a><\/span><\/div>\t\t\t\t\t\t\t<div class=\"content-container\">\n\t\t\t\t\t\t\t\t<h3 class=\"title\">\t\t\t\t\t\t\t\t<a class=\"post-url post-title\" href=\"https:\/\/balans.org.ba\/tr\/istikrarlastirici-guc-turkiye\/\">\n\t\t\t\t\t\t\t\t\t\u0130ST\u0130KRARLA\u015eTIRICI G\u00dc\u00c7 T\u00dcRK\u0130YE\t\t\t\t\t\t\t\t<\/a>\n\t\t\t\t\t\t\t\t<\/h3>\t\t\t\t\t\t\t<\/div>\n\t\t\t\t\t\t<\/div>\n\t\t\t\t\t<\/li>\n\t\t\t\t\t\t\t\t\t\t<li class=\"slide bs-slider-item bs-slider-1-item main-term-1 has-post-thumbnail\">\n\t\t\t\t\t\t<div class=\"item-content\">\n\n\t\t\t\t\t\t\t<a class=\"img-cont\" href=\"https:\/\/balans.org.ba\/tr\/teufik-ef-imamovic-muftija-oci-u-oci-sa-sudbinom-svoga-naroda\/\"\n\t\t\t\t\t\t\t   style=\"background-image: url('https:\/\/balans.org.ba\/wp-content\/uploads\/2022\/09\/sedad_teufik_npazar.png')\"><\/a>\n\t\t\t\t\t\t\t<div class=\"term-badges floated\"><span class=\"term-badge term-1\"><a href=\"https:\/\/balans.org.ba\/tr\/desavanja\/\">ETKINLIKLER<\/a><\/span><\/div>\t\t\t\t\t\t\t<div class=\"content-container\">\n\t\t\t\t\t\t\t\t<h3 class=\"title\">\t\t\t\t\t\t\t\t<a class=\"post-url post-title\" href=\"https:\/\/balans.org.ba\/tr\/teufik-ef-imamovic-muftija-oci-u-oci-sa-sudbinom-svoga-naroda\/\">\n\t\t\t\t\t\t\t\t\tTEUFIK EF. IMAMOVI\u0106 \u2013 MUFTIJA O\u010cI U O\u010cI SA SUDBINOM SVOGA NARODA\t\t\t\t\t\t\t\t<\/a>\n\t\t\t\t\t\t\t\t<\/h3>\t\t\t\t\t\t\t<\/div>\n\t\t\t\t\t\t<\/div>\n\t\t\t\t\t<\/li>\n\t\t\t\t\t\t\t\t\t\t<li class=\"slide bs-slider-item bs-slider-1-item main-term-191 has-post-thumbnail\">\n\t\t\t\t\t\t<div class=\"item-content\">\n\n\t\t\t\t\t\t\t<a class=\"img-cont\" href=\"https:\/\/balans.org.ba\/tr\/udruzenje-balans-generator-ideja-i-znacajnih-projekata-korisnih-za-drustvo\/\"\n\t\t\t\t\t\t\t   style=\"background-image: url('https:\/\/balans.org.ba\/wp-content\/uploads\/2022\/06\/thumbs_b_c_66b8b8ae9d5422e510c8f9bba41bf274.jpg')\"><\/a>\n\t\t\t\t\t\t\t<div class=\"term-badges floated\"><span class=\"term-badge term-191\"><a href=\"https:\/\/balans.org.ba\/tr\/analiza\/\">ANALIZ<\/a><\/span><\/div>\t\t\t\t\t\t\t<div class=\"content-container\">\n\t\t\t\t\t\t\t\t<h3 class=\"title\">\t\t\t\t\t\t\t\t<a class=\"post-url post-title\" href=\"https:\/\/balans.org.ba\/tr\/udruzenje-balans-generator-ideja-i-znacajnih-projekata-korisnih-za-drustvo\/\">\n\t\t\t\t\t\t\t\t\tUDRU\u017dENJE BALANS GENERATOR IDEJA I ZNA\u010cAJNIH PROJEKATA KORISNIH ZA DRU\u0160TVO\t\t\t\t\t\t\t\t<\/a>\n\t\t\t\t\t\t\t\t<\/h3>\t\t\t\t\t\t\t<\/div>\n\t\t\t\t\t\t<\/div>\n\t\t\t\t\t<\/li>\n\t\t\t\t\t\t\t\t<\/ul>\n\t\t<\/div>\n\t<\/div>\n<\/div><\/div><\/div><\/div><\/div><div class=\"vc_row-full-width vc_clearfix\"><\/div><div class=\"row vc_row wpb_row vc_row-fluid\"><div class=\"bs-vc-wrapper\"><div class=\"wpb_column bs-vc-column vc_column_container vc_col-sm-8\"><div class=\"bs-vc-wrapper wpb_wrapper\"><div class=\"bs-listing bs-listing-listing-mix-1-1 bs-listing-single-tab\">\t\t\t<h3 class=\"section-heading sh-t1 sh-s1 main-term-none\">\n\n\t\t\t\n\t\t\t\t\t\t\t\t\t<span class=\"h-text main-term-none main-link\">\n\t\t\t\t\t\tRecent Posts\t\t\t\t\t<\/span>\n\t\t\t\t\n\t\t\t\n\t\t\t<\/h3>\n\t\t\t\t<div class=\"listing listing-mix-1-1  l-1-col\">\n\t\t<div class=\"item-inner clearfix\">\n\t\t\t<div class=\"column-1\">\n\t\t\t\t\t\t\t<\/div>\n\t\t\t<div class=\"column-2\">\n\t\t\t\t\t\t\t<\/div>\n\t\t<\/div>\n\t<\/div>\n<\/div><div class=\"bs-listing bs-listing-listing-mix-1-4 bs-listing-single-tab pagination-animate\">\t\t\t<h3 class=\"section-heading sh-t1 sh-s1 main-term-none\">\n\n\t\t\t\n\t\t\t\t\t\t\t\t\t<span class=\"h-text main-term-none main-link\">\n\t\t\t\t\t\tRecent Posts\t\t\t\t\t<\/span>\n\t\t\t\t\n\t\t\t\n\t\t\t<\/h3>\n\t\t\t<\/div><div class=\"bs-listing bs-listing-listing-tall-2 bs-listing-single-tab pagination-animate\">\t\t\t<h3 class=\"section-heading sh-t1 sh-s1 main-term-none\">\n\n\t\t\t\n\t\t\t\t\t\t\t\t\t<span class=\"h-text main-term-none main-link\">\n\t\t\t\t\t\tRecent Posts\t\t\t\t\t<\/span>\n\t\t\t\t\n\t\t\t\n\t\t\t<\/h3>\n\t\t\t<\/div><div class=\"bs-listing bs-listing-listing-blog-1 bs-listing-single-tab pagination-animate\">\t\t\t<h3 class=\"section-heading sh-t1 sh-s1 main-term-none\">\n\n\t\t\t\n\t\t\t\t\t\t\t\t\t<span class=\"h-text main-term-none main-link\">\n\t\t\t\t\t\tRecent Posts\t\t\t\t\t<\/span>\n\t\t\t\t\n\t\t\t\n\t\t\t<\/h3>\n\t\t\t<\/div><\/div><\/div><div class=\"sticky-column wpb_column bs-vc-column vc_column_container vc_col-sm-4\"><div class=\"bs-vc-wrapper wpb_wrapper\">\t\t<div  class=\"bscb-34214  vc_custom_1469868405678 have_bg better-studio-shortcode bsc-clearfix better-social-counter style-big-button colored in-1-col\">\n\t\t\t\t\t<h3 class=\"section-heading sh-t1 sh-s1\">\n\t\t\t\t<span class=\"h-text\">Stay With Us<\/span>\n\t\t\t\t<\/h3>\n\t\t\t\t\t<ul class=\"social-list bsc-clearfix\"><li class=\"social-item facebook\"> <a href = \"https:\/\/www.facebook.com\/balansorg\" class=\"item-link\" target = \"_blank\" > <i class=\"item-icon bsfi-facebook\" ><\/i><span class=\"item-name\" > Facebook<\/span> <span class=\"item-title-join\" > Join us on Facebook<\/span> <\/a> <\/li> <li class=\"social-item instagram\"> <a href = \"https:\/\/instagram.com\/balansorg\" class=\"item-link\" target = \"_blank\" > <i class=\"item-icon bsfi-instagram\" ><\/i><span class=\"item-name\" > Instagram<\/span> <span class=\"item-title-join\" > Join us on Instagram<\/span> <\/a> <\/li> <li class=\"social-item envato\"> <a href = \"http:\/\/betterstudio.com\" class=\"item-link\" target = \"_blank\" > <i class=\"item-icon bsfi-envato\" ><\/i><span class=\"item-name\" > ThemeForest<\/span> <span class=\"item-title-join\" > Join us on Envato<\/span> <\/a> <\/li> <li class=\"social-item twitter\"> <a href = \"https:\/\/twitter.com\/balansorg\" class=\"item-link\" target = \"_blank\" > <i class=\"item-icon bsfi-twitter\" ><\/i><span class=\"item-name\" > Twitter<\/span> <span class=\"item-title-join\" > Join us on Twitter<\/span> <\/a> <\/li> \t\t\t<\/ul>\n\t\t<\/div>\n\t\t\t<div  class=\"bs-shortcode bs-popular-categories bscb-46038  vc_custom_1469868392077 have_bg\">\n\t\t\t\t<h3 class=\"section-heading sh-t1 sh-s1\">\n\t\t\t\t<span class=\"h-text\">Popular Categories<\/span>\n\t\t\t\t<\/h3>\n\t\t\t\t\t<ul class=\"bs-popular-terms-list\">\n\t\t\t\t<li class=\"bs-popular-term-item term-item-10\">\n\t\t\t\t\t<a href=\"https:\/\/balans.org.ba\/tr\/politika\/\">Politika<span class=\"term-count\">27<\/span><\/a>\n\t\t\t\t  <\/li><li class=\"bs-popular-term-item term-item-29\">\n\t\t\t\t\t<a href=\"https:\/\/balans.org.ba\/tr\/drustvo\/\">Dru\u0161tvo<span class=\"term-count\">26<\/span><\/a>\n\t\t\t\t  <\/li><li class=\"bs-popular-term-item term-item-11\">\n\t\t\t\t\t<a href=\"https:\/\/balans.org.ba\/tr\/projekti\/\">Projekti<span class=\"term-count\">19<\/span><\/a>\n\t\t\t\t  <\/li><li class=\"bs-popular-term-item term-item-58\">\n\t\t\t\t\t<a href=\"https:\/\/balans.org.ba\/tr\/publikacije\/\">Publikacije<span class=\"term-count\">13<\/span><\/a>\n\t\t\t\t  <\/li><li class=\"bs-popular-term-item term-item-13\">\n\t\t\t\t\t<a href=\"https:\/\/balans.org.ba\/tr\/pravo\/\">Pravo<span class=\"term-count\">8<\/span><\/a>\n\t\t\t\t  <\/li><li class=\"bs-popular-term-item term-item-12\">\n\t\t\t\t\t<a href=\"https:\/\/balans.org.ba\/tr\/ekonomija\/\">Ekonomija<span class=\"term-count\">5<\/span><\/a>\n\t\t\t\t  <\/li>\t\t\t<\/ul>\n\t\t\t\t<\/div>\n    <div  class=\"bs-shortcode bs-subscribe-newsletter bs-feedburner-newsletter bscb-28881  vc_custom_1469868382210 have_bg\">\n\t\t\t\t<h3 class=\"section-heading sh-t1 sh-s1\">\n\t\t\t\t<span class=\"h-text\">Newsletter<\/span>\n\t\t\t\t<\/h3>\n\t\t            <div class=\"subscribe-image\">\n                <img src=\"http:\/\/balans.org.ba\/wp-content\/uploads\/2016\/12\/pure-magazine-email-illustration.png\" alt=\"Newsletter\">\n            <\/div>\n\t\t\n        <div class=\"subscribe-message\">\n\t\t\t<p>Life&#x2019;s challenges force us to harden up. Relationships, work, children and family.<\/p>\n        <\/div>\n\n        <form method=\"post\" action=\"\/\/feedburner.google.com\/fb\/a\/mailverify\" class=\"bs-subscribe-feedburner clearfix\"\n              target=\"_blank\" data-trp-original-action=\"\/\/feedburner.google.com\/fb\/a\/mailverify\">\n            <input type=\"hidden\" value=\"#\" name=\"uri\"\/>\n            <input type=\"hidden\" name=\"loc\" value=\"tr_TR\"\/>\n            <input type=\"text\" id=\"feedburner-email\" name=\"email\" class=\"newsletter-email\"\n                   placeholder=\"Enter your e-mail ..\"\/>\n            <button class=\"newsletter-subscribe\" name=\"submit\"\n                    type=\"submit\">Subscribe<\/button>\n\n\t\t\t                <p class=\"powered-by\">Powered by <img\n                            src=\"https:\/\/balans.org.ba\/wp-content\/themes\/publisher\/images\/other\/feedburner.png\" data-bsrjs=\"https:\/\/balans.org.ba\/wp-content\/themes\/publisher\/images\/other\/feedburner@2x.png\" alt=\"MailChimp\"\/>\n                <\/p>\n\t\t\t        <input type=\"hidden\" name=\"trp-form-language\" value=\"tr\"\/><\/form>\n\n    <\/div>\n<\/div><\/div><\/div><\/div><div data-vc-full-width=\"true\" data-vc-full-width-init=\"false\" class=\"row vc_row wpb_row vc_row-fluid vc_custom_1468342850878 vc_row-has-fill\"><div class=\"bs-vc-wrapper\"><div class=\"wpb_column bs-vc-column vc_column_container vc_col-sm-12\"><div class=\"bs-vc-wrapper wpb_wrapper\"><\/div><\/div><\/div><\/div><div class=\"vc_row-full-width vc_clearfix\"><\/div>","protected":false},"excerpt":{"rendered":"Balkanski centar za analizu i studije (BALANS) sa sjedi\u0161tem u Sarajevu, glavnom gradu Bosne i Hercegovine, je think-thank centar koji nastoji raditi korisne projekte u oblasti kulture, obrazovanja, medija, politike, dru\u0161tva i izdava\u0161tva Balkanski centar za analizu i studije (BALANS) sa sjedi\u0161tem u Sarajevu, glavnom gradu Bosne i Hercegovine, sa svojom idejom, platformom, misijom, vizijom [...]","protected":false},"author":1,"featured_media":0,"parent":0,"menu_order":0,"comment_status":"closed","ping_status":"closed","template":"","meta":[],"_links":{"self":[{"href":"https:\/\/balans.org.ba\/tr\/wp-json\/wp\/v2\/pages\/124"}],"collection":[{"href":"https:\/\/balans.org.ba\/tr\/wp-json\/wp\/v2\/pages"}],"about":[{"href":"https:\/\/balans.org.ba\/tr\/wp-json\/wp\/v2\/types\/page"}],"author":[{"embeddable":true,"href":"https:\/\/balans.org.ba\/tr\/wp-json\/wp\/v2\/users\/1"}],"replies":[{"embeddable":true,"href":"https:\/\/balans.org.ba\/tr\/wp-json\/wp\/v2\/comments?post=124"}],"version-history":[{"count":0,"href":"https:\/\/balans.org.ba\/tr\/wp-json\/wp\/v2\/pages\/124\/revisions"}],"wp:attachment":[{"href":"https:\/\/balans.org.ba\/tr\/wp-json\/wp\/v2\/media?parent=124"}],"curies":[{"name":"wp","href":"https:\/\/api.w.org\/{rel}","templated":true}]}}