{"id":675,"date":"2018-08-24T16:32:48","date_gmt":"2018-08-24T14:32:48","guid":{"rendered":"http:\/\/balans.org.ba\/?page_id=675"},"modified":"2018-08-24T16:32:48","modified_gmt":"2018-08-24T14:32:48","slug":"donacije","status":"publish","type":"page","link":"http:\/\/balans.org.ba\/tr\/donacije\/","title":{"rendered":"Donacije"},"content":{"rendered":"<p style=\"text-align: justify;\">Na\u0161im radom\u00a0nastojimo\u00a0promjeniti\u00a0negativne dru\u0161tvene pojave i podsta\u0107i na promjene koje \u010dine dru\u0161tvo korisnim u cjelini. Kroz edukacije, stru\u010dna usavr\u0161avanja, stru\u010dne i korisne publikacije koje nisu samo standardni akademski obrazac, imamo misiju da starim i novim generacijama ponudimo druga\u010diji pristup u spoznaji i \u0161irenju znanja koje kreira kvalitetan dru\u0161tveno-socijalni proizvod.<\/p>\n<p style=\"text-align: justify;\">Kao nestrana\u010dka, apoliti\u010dna i nevladina organizacija okrenuti smo transparentnom i javnom radu. Stoga nam je uvijek zadovoljstvo vidjeti podr\u0161ku i kroz donacije ili \u010dlanstvu.<\/p>\n<p style=\"text-align: justify;\">Ukoliko \u017eelite podr\u017eati na\u0161 rad, mo\u017eete to uraditi uplatom od minimalno<strong> 10 KM<\/strong> na na\u0161 ra\u010dun<em> (svrha uplate: <strong>Don\/18-1<\/strong>):\u00a0<\/em><\/p>\n<div class=\"bs-shortcode-alert alert alert-info\" style=\"text-align: center;\"><span style=\"font-size: 16px;\">1861210310085829 (Ziraat Bank BH d.d.)<\/span><\/div>\n<div>Na\u0161i vrijedni donatori imat \u0107e priliku da budu pozvani na neke od na\u0161ih aktivnosti ili da budu nagra\u0111eni sa nekom od na\u0161ih publikacija.<\/div>","protected":false},"excerpt":{"rendered":"<p>Na\u0161im radom\u00a0nastojimo\u00a0promjeniti\u00a0negativne dru\u0161tvene pojave i podsta\u0107i na promjene koje \u010dine dru\u0161tvo korisnim u cjelini. Kroz edukacije, stru\u010dna usavr\u0161avanja, stru\u010dne i korisne publikacije koje nisu samo standardni akademski obrazac, imamo misiju da starim i novim generacijama ponudimo druga\u010diji pristup u spoznaji i \u0161irenju znanja koje kreira kvalitetan dru\u0161tveno-socijalni proizvod. Kao nestrana\u010dka, apoliti\u010dna i nevladina organizacija okrenuti [&hellip;]<\/p>","protected":false},"author":1,"featured_media":0,"parent":0,"menu_order":0,"comment_status":"closed","ping_status":"closed","template":"","meta":[],"_links":{"self":[{"href":"http:\/\/balans.org.ba\/tr\/wp-json\/wp\/v2\/pages\/675"}],"collection":[{"href":"http:\/\/balans.org.ba\/tr\/wp-json\/wp\/v2\/pages"}],"about":[{"href":"http:\/\/balans.org.ba\/tr\/wp-json\/wp\/v2\/types\/page"}],"author":[{"embeddable":true,"href":"http:\/\/balans.org.ba\/tr\/wp-json\/wp\/v2\/users\/1"}],"replies":[{"embeddable":true,"href":"http:\/\/balans.org.ba\/tr\/wp-json\/wp\/v2\/comments?post=675"}],"version-history":[{"count":1,"href":"http:\/\/balans.org.ba\/tr\/wp-json\/wp\/v2\/pages\/675\/revisions"}],"predecessor-version":[{"id":676,"href":"http:\/\/balans.org.ba\/tr\/wp-json\/wp\/v2\/pages\/675\/revisions\/676"}],"wp:attachment":[{"href":"http:\/\/balans.org.ba\/tr\/wp-json\/wp\/v2\/media?parent=675"}],"curies":[{"name":"wp","href":"https:\/\/api.w.org\/{rel}","templated":true}]}}