{"id":1729,"date":"2022-06-07T15:51:57","date_gmt":"2022-06-07T13:51:57","guid":{"rendered":"http:\/\/balans.org.ba\/pocetna-turkce\/"},"modified":"2022-06-07T15:51:57","modified_gmt":"2022-06-07T13:51:57","slug":"pocetna-turkce","status":"publish","type":"page","link":"http:\/\/balans.org.ba\/tr\/pocetna-turkce\/","title":{"rendered":"Po\u010detna &#8211; T\u00fcrk\u00e7e"},"content":{"rendered":"","protected":false},"excerpt":{"rendered":"","protected":false},"author":1,"featured_media":0,"parent":0,"menu_order":0,"comment_status":"closed","ping_status":"closed","template":"","meta":[],"_links":{"self":[{"href":"http:\/\/balans.org.ba\/tr\/wp-json\/wp\/v2\/pages\/1729"}],"collection":[{"href":"http:\/\/balans.org.ba\/tr\/wp-json\/wp\/v2\/pages"}],"about":[{"href":"http:\/\/balans.org.ba\/tr\/wp-json\/wp\/v2\/types\/page"}],"author":[{"embeddable":true,"href":"http:\/\/balans.org.ba\/tr\/wp-json\/wp\/v2\/users\/1"}],"replies":[{"embeddable":true,"href":"http:\/\/balans.org.ba\/tr\/wp-json\/wp\/v2\/comments?post=1729"}],"version-history":[{"count":0,"href":"http:\/\/balans.org.ba\/tr\/wp-json\/wp\/v2\/pages\/1729\/revisions"}],"wp:attachment":[{"href":"http:\/\/balans.org.ba\/tr\/wp-json\/wp\/v2\/media?parent=1729"}],"curies":[{"name":"wp","href":"https:\/\/api.w.org\/{rel}","templated":true}]}}