{"id":128,"date":"2016-12-21T21:58:51","date_gmt":"2016-12-21T20:58:51","guid":{"rendered":"http:\/\/balans.org.ba\/bs-homepage-3\/"},"modified":"2016-12-21T21:58:51","modified_gmt":"2016-12-21T20:58:51","slug":"bs-homepage-3","status":"publish","type":"page","link":"http:\/\/balans.org.ba\/tr\/bs-homepage-3\/","title":{"rendered":"Homepage 3"},"content":{"rendered":"<div data-vc-full-width=\"true\" data-vc-full-width-init=\"false\" class=\"row vc_row wpb_row vc_row-fluid vc_custom_1469807206546 vc_row-has-fill\"><div class=\"bs-vc-wrapper\"><div class=\"wpb_column bs-vc-column vc_column_container vc_col-sm-12\"><div class=\"bs-vc-wrapper wpb_wrapper\"><div class=\"bs-listing bs-listing-modern-grid-listing-1 bs-listing-single-tab\">\t<div class=\"listing listing-modern-grid listing-modern-grid-1 clearfix slider-overlay-simple-gr l-2\">\n\t\t<div class=\"mg-col mg-col-1\">\n\t\t\t\t<article class=\"post-1831 type-post format-standard has-post-thumbnail  listing-item-1 listing-item listing-mg-item listing-mg-type-1 listing-mg-1-item main-term-1\">\n\t<div class=\"item-content\">\n\t\t<a  title=\"NOVO IZDANJE BALANS-a: OBRAZOVANJE \u017dENE U ISLAMU (MUHAMED TAJIB OKI\u0106)\" data-src=\"http:\/\/balans.org.ba\/wp-content\/uploads\/2025\/06\/okic-750x430.jpg\" data-bs-srcset=\"{&quot;baseurl&quot;:&quot;http:\\\/\\\/balans.org.ba\\\/wp-content\\\/uploads\\\/2025\\\/06\\\/&quot;,&quot;sizes&quot;:{&quot;210&quot;:&quot;okic-210x136.jpg&quot;,&quot;279&quot;:&quot;okic-279x220.jpg&quot;,&quot;357&quot;:&quot;okic-357x210.jpg&quot;,&quot;750&quot;:&quot;okic-750x430.jpg&quot;,&quot;945&quot;:&quot;okic.jpg&quot;}}\"\t\t\t\tclass=\"img-cont\" href=\"http:\/\/balans.org.ba\/tr\/novo-izdanje-balans-a-muhamed-tajib-okic-obrazovanje-zene-u-islamu\/\"><\/a>\n\t\t<div class=\"term-badges floated\"><span class=\"term-badge term-1\"><a href=\"http:\/\/balans.org.ba\/tr\/desavanja\/\">ETKINLIKLER<\/a><\/span><\/div>\t\t<div class=\"content-container\">\n\t\t\t<h2 class=\"title\">\t\t\t<a href=\"http:\/\/balans.org.ba\/tr\/novo-izdanje-balans-a-muhamed-tajib-okic-obrazovanje-zene-u-islamu\/\" class=\"post-url post-title\">\n\t\t\t\tNOVO IZDANJE BALANS-a: OBRAZOVANJE \u017dENE U ISLAMU (MUHAMED TAJIB OKI\u0106)\t\t\t<\/a>\n\t\t\t<\/h2>\t\t<div class=\"post-meta\">\n\n\t\t\t\t\t\t\t<a href=\"http:\/\/balans.org.ba\/tr\/author\/admin\/\"\n\t\t\t\t   title=\"Browse Author Articles\"\n\t\t\t\t   class=\"post-author-a\">\n\t\t\t\t\t<i class=\"post-author author\">\n\t\t\t\t\t\tBALANS\t\t\t\t\t<\/i>\n\t\t\t\t<\/a>\n\t\t\t\t\t\t\t<span class=\"time\"><time class=\"post-published updated\"\n\t\t\t\t                         datetime=\"2025-06-09T17:35:51+02:00\">Haz 9, 2025<\/time><\/span>\n\t\t\t\t\t\t<\/div>\n\t\t\t\t<\/div>\n\t<\/div>\n\t<\/article>\n\t\t<\/div>\n\t\t<div class=\"mg-col mg-col-2\">\n\t\t\t<div class=\"mg-row mg-row-1\">\n\t\t\t\t\t<article class=\"post-1805 type-post format-standard has-post-thumbnail  listing-item-2 listing-item listing-mg-item listing-mg-type-1 listing-mg-1-item main-term-1\">\n\t<div class=\"item-content\">\n\t\t<a  title=\"POZIV NA AKCIJU PROTIV KINESKOG PROGONA NA ME\u0110UNARODNOM UJGURSKOM FORUMU U BRISELU\" data-src=\"http:\/\/balans.org.ba\/wp-content\/uploads\/2022\/11\/Slika-4-750x430.jpg\" data-bs-srcset=\"{&quot;baseurl&quot;:&quot;http:\\\/\\\/balans.org.ba\\\/wp-content\\\/uploads\\\/2022\\\/11\\\/&quot;,&quot;sizes&quot;:{&quot;210&quot;:&quot;Slika-4-210x136.jpg&quot;,&quot;279&quot;:&quot;Slika-4-279x220.jpg&quot;,&quot;357&quot;:&quot;Slika-4-357x210.jpg&quot;,&quot;750&quot;:&quot;Slika-4-750x430.jpg&quot;,&quot;2048&quot;:&quot;Slika-4.jpg&quot;}}\"\t\t\t\tclass=\"img-cont\" href=\"http:\/\/balans.org.ba\/tr\/poziv-na-akciju-protiv-kineskog-progona-na-medjunarodnom-ujgurskom-forumu-u-briselu\/\"><\/a>\n\t\t<div class=\"term-badges floated\"><span class=\"term-badge term-1\"><a href=\"http:\/\/balans.org.ba\/tr\/desavanja\/\">ETKINLIKLER<\/a><\/span><\/div>\t\t<div class=\"content-container\">\n\t\t\t<h2 class=\"title\">\t\t\t<a href=\"http:\/\/balans.org.ba\/tr\/poziv-na-akciju-protiv-kineskog-progona-na-medjunarodnom-ujgurskom-forumu-u-briselu\/\" class=\"post-url post-title\">\n\t\t\t\tPOZIV NA AKCIJU PROTIV KINESKOG PROGONA NA ME\u0110UNARODNOM UJGURSKOM FORUMU U BRISELU\t\t\t<\/a>\n\t\t\t<\/h2>\t\t<div class=\"post-meta\">\n\n\t\t\t\t\t\t\t<a href=\"http:\/\/balans.org.ba\/tr\/author\/admin\/\"\n\t\t\t\t   title=\"Browse Author Articles\"\n\t\t\t\t   class=\"post-author-a\">\n\t\t\t\t\t<i class=\"post-author author\">\n\t\t\t\t\t\tBALANS\t\t\t\t\t<\/i>\n\t\t\t\t<\/a>\n\t\t\t\t\t\t\t<span class=\"time\"><time class=\"post-published updated\"\n\t\t\t\t                         datetime=\"2022-11-11T21:54:55+01:00\">Kas 11, 2022<\/time><\/span>\n\t\t\t\t\t\t<\/div>\n\t\t\t\t<\/div>\n\t<\/div>\n\t<\/article>\n\t\t\t<\/div>\n\t\t\t<div class=\"mg-row mg-row-2\">\n\t\t\t\t<div class=\"item-3-cont\">\n\t\t\t\t\t\t<article class=\"post-1783 type-post format-standard has-post-thumbnail  listing-item-3 listing-item listing-mg-item listing-mg-type-1 listing-mg-1-item main-term-488\">\n\t<div class=\"item-content\">\n\t\t<a  title=\"\u0130ST\u0130KRARLA\u015eTIRICI G\u00dc\u00c7 T\u00dcRK\u0130YE\" data-src=\"http:\/\/balans.org.ba\/wp-content\/uploads\/2022\/09\/ISTIKRARLASTIRICI-GUC-TURKIYE-279x220.jpeg\" data-bs-srcset=\"{&quot;baseurl&quot;:&quot;http:\\\/\\\/balans.org.ba\\\/wp-content\\\/uploads\\\/2022\\\/09\\\/&quot;,&quot;sizes&quot;:{&quot;210&quot;:&quot;ISTIKRARLASTIRICI-GUC-TURKIYE-210x136.jpeg&quot;,&quot;279&quot;:&quot;ISTIKRARLASTIRICI-GUC-TURKIYE-279x220.jpeg&quot;,&quot;357&quot;:&quot;ISTIKRARLASTIRICI-GUC-TURKIYE-357x210.jpeg&quot;,&quot;750&quot;:&quot;ISTIKRARLASTIRICI-GUC-TURKIYE-750x430.jpeg&quot;,&quot;960&quot;:&quot;ISTIKRARLASTIRICI-GUC-TURKIYE.jpeg&quot;}}\"\t\t\t\tclass=\"img-cont\" href=\"http:\/\/balans.org.ba\/tr\/istikrarlastirici-guc-turkiye\/\"><\/a>\n\t\t\t\t<div class=\"content-container\">\n\t\t\t<h2 class=\"title\">\t\t\t<a href=\"http:\/\/balans.org.ba\/tr\/istikrarlastirici-guc-turkiye\/\" class=\"post-url post-title\">\n\t\t\t\t\u0130ST\u0130KRARLA\u015eTIRICI G\u00dc\u00c7 T\u00dcRK\u0130YE\t\t\t<\/a>\n\t\t\t<\/h2>\t\t<\/div>\n\t<\/div>\n\t<\/article>\n\t\t\t\t<\/div>\n\t\t\t\t<div class=\"item-4-cont\">\n\t\t\t\t\t\t<article class=\"post-1776 type-post format-standard has-post-thumbnail  listing-item-4 listing-item listing-mg-item listing-mg-type-1 listing-mg-1-item main-term-1\">\n\t<div class=\"item-content\">\n\t\t<a  title=\"TEUFIK EF. IMAMOVI\u0106 \u2013 MUFTIJA O\u010cI U O\u010cI SA SUDBINOM SVOGA NARODA\" data-src=\"http:\/\/balans.org.ba\/wp-content\/uploads\/2022\/09\/sedad_teufik_npazar.png\" data-bs-srcset=\"{&quot;baseurl&quot;:&quot;http:\\\/\\\/balans.org.ba\\\/wp-content\\\/uploads\\\/2022\\\/09\\\/&quot;,&quot;sizes&quot;:{&quot;719&quot;:&quot;sedad_teufik_npazar.png&quot;}}\"\t\t\t\tclass=\"img-cont\" href=\"http:\/\/balans.org.ba\/tr\/teufik-ef-imamovic-muftija-oci-u-oci-sa-sudbinom-svoga-naroda\/\"><\/a>\n\t\t\t\t<div class=\"content-container\">\n\t\t\t<h2 class=\"title\">\t\t\t<a href=\"http:\/\/balans.org.ba\/tr\/teufik-ef-imamovic-muftija-oci-u-oci-sa-sudbinom-svoga-naroda\/\" class=\"post-url post-title\">\n\t\t\t\tTEUFIK EF. IMAMOVI\u0106 \u2013 MUFTIJA O\u010cI U O\u010cI SA SUDBINOM SVOGA NARODA\t\t\t<\/a>\n\t\t\t<\/h2>\t\t<\/div>\n\t<\/div>\n\t<\/article>\n\t\t\t\t<\/div>\n\t\t\t<\/div>\n\t\t<\/div>\n\t<\/div>\n<\/div><\/div><\/div><\/div><\/div><div class=\"vc_row-full-width vc_clearfix\"><\/div><div class=\"row vc_row wpb_row vc_row-fluid\"><div class=\"bs-vc-wrapper\"><div class=\"wpb_column bs-vc-column vc_column_container vc_col-sm-4\"><div class=\"bs-vc-wrapper wpb_wrapper\"><div class=\"bs-listing bs-listing-listing-mix-3-1 bs-listing-single-tab pagination-animate\">\t\t\t<h3 class=\"section-heading sh-t1 sh-s1 main-term-none\">\n\n\t\t\t\n\t\t\t\t\t\t\t\t\t<span class=\"h-text main-term-none main-link\">\n\t\t\t\t\t\tRecent Posts\t\t\t\t\t<\/span>\n\t\t\t\t\n\t\t\t\n\t\t\t<\/h3>\n\t\t\t<\/div><\/div><\/div><div class=\"wpb_column bs-vc-column vc_column_container vc_col-sm-4\"><div class=\"bs-vc-wrapper wpb_wrapper\"><div class=\"bs-listing bs-listing-listing-mix-3-1 bs-listing-single-tab pagination-animate\">\t\t\t<h3 class=\"section-heading sh-t1 sh-s1 main-term-none\">\n\n\t\t\t\n\t\t\t\t\t\t\t\t\t<span class=\"h-text main-term-none main-link\">\n\t\t\t\t\t\tHouse Design\t\t\t\t\t<\/span>\n\t\t\t\t\n\t\t\t\n\t\t\t<\/h3>\n\t\t\t<\/div><\/div><\/div><div class=\"wpb_column bs-vc-column vc_column_container vc_col-sm-4\"><div class=\"bs-vc-wrapper wpb_wrapper\"><div class=\"bs-listing bs-listing-listing-mix-3-1 bs-listing-single-tab pagination-animate\">\t\t\t<h3 class=\"section-heading sh-t1 sh-s1 main-term-148\">\n\n\t\t\t\n\t\t\t\t\t\t\t\t\t<a href=\"http:\/\/balans.org.ba\/tr\/najave\/\" class=\"main-link\">\n\t\t\t\t\t\t\t<span class=\"h-text main-term-148\">\n\t\t\t\t\t\t\t\tNajave\t\t\t\t\t\t\t<\/span>\n\t\t\t\t\t<\/a>\n\t\t\t\t\n\t\t\t\n\t\t\t<\/h3>\n\t\t\t\t\t<div class=\"bs-pagination-wrapper main-term-148 next_prev bs-slider-first-item\">\n\t\t\t<div class=\"listing listing-mix-3-1 clearfix\">\n\t\t<div class=\"item-inner\">\n\t\t\t<div class=\"row-1\">\n\t\t\t\t\t\t\t\t\t<div class=\"listing listing-grid-1 clearfix columns-1\">\n\t\t\t\t\t\t\t<article class=\"post-1668 type-post format-standard has-post-thumbnail   listing-item listing-item-grid listing-item-grid-1 main-term-29\">\n\t<div class=\"item-inner\">\n\t\t\t\t\t<div class=\"featured clearfix\">\n\t\t\t\t<div class=\"term-badges floated\"><span class=\"term-badge term-29\"><a href=\"http:\/\/balans.org.ba\/tr\/drustvo\/\">Dru\u0161tvo<\/a><\/span><\/div>\t\t\t\t<a  title=\"INTERNATIONAL CONFERENCE ON BOSNIA AND HERZEGOVINA\" data-src=\"http:\/\/balans.org.ba\/wp-content\/uploads\/2022\/04\/viber_image_2022-03-31_20-31-11-577-cpy-357x210.jpg\" data-bs-srcset=\"{&quot;baseurl&quot;:&quot;http:\\\/\\\/balans.org.ba\\\/wp-content\\\/uploads\\\/2022\\\/04\\\/&quot;,&quot;sizes&quot;:{&quot;210&quot;:&quot;viber_image_2022-03-31_20-31-11-577-cpy-210x136.jpg&quot;,&quot;279&quot;:&quot;viber_image_2022-03-31_20-31-11-577-cpy-279x220.jpg&quot;,&quot;357&quot;:&quot;viber_image_2022-03-31_20-31-11-577-cpy-357x210.jpg&quot;,&quot;750&quot;:&quot;viber_image_2022-03-31_20-31-11-577-cpy-750x344.jpg&quot;,&quot;1272&quot;:&quot;viber_image_2022-03-31_20-31-11-577-cpy.jpg&quot;}}\"\t\t\t\t\t\tclass=\"img-holder\" href=\"http:\/\/balans.org.ba\/tr\/international-conference-on-bosnia-and-herzegovina\/\"><\/a>\n\n\t\t\t\t\t\t\t<\/div>\n\t\t<h2 class=\"title\">\t\t<a href=\"http:\/\/balans.org.ba\/tr\/international-conference-on-bosnia-and-herzegovina\/\" class=\"post-title post-url\">\n\t\t\tINTERNATIONAL CONFERENCE ON BOSNIA AND HERZEGOVINA\t\t<\/a>\n\t\t<\/h2>\t\t<div class=\"post-meta\">\n\n\t\t\t\t\t\t\t<a href=\"http:\/\/balans.org.ba\/tr\/author\/admin\/\"\n\t\t\t\t   title=\"Browse Author Articles\"\n\t\t\t\t   class=\"post-author-a\">\n\t\t\t\t\t<i class=\"post-author author\">\n\t\t\t\t\t\t\t\t\t\t\t<\/i>\n\t\t\t\t<\/a>\n\t\t\t\t\t\t\t<span class=\"time\"><time class=\"post-published updated\"\n\t\t\t\t                         datetime=\"2022-04-01T00:37:26+02:00\"><\/time><\/span>\n\t\t\t\t\t\t<\/div>\n\t\t\t\t\t<div class=\"post-summary\">\n\t\t\t\t\t\t\t<\/div>\n\t\t\t<\/div>\n\t<\/article>\n\t\t\t\t\t<\/div>\n\t\t\t\t\t\t\t\t<\/div>\n\t\t\t\t\t\t\t<div class=\"row-2\">\n\t\t\t\t\t\t<div class=\"listing listing-thumbnail listing-tb-1 clearfix columns-1\">\n\t\t<article class=\"post-1315 type-post format-standard has-post-thumbnail   listing-item listing-item-thumbnail listing-item-tb-1 main-term-1\">\n\t<div class=\"item-inner clearfix\">\n\t\t\t\t\t<div class=\"featured featured-type-featured-image\">\n\t\t\t\t<a  title=\"POZIV: PRVA GENERACIJA OSMANSKE \u0160KOLE ZA MLADE\" data-src=\"http:\/\/balans.org.ba\/wp-content\/uploads\/2021\/02\/PLAKAT_clanak_cover_1-86x64.jpg\" data-bs-srcset=\"{&quot;baseurl&quot;:&quot;http:\\\/\\\/balans.org.ba\\\/wp-content\\\/uploads\\\/2021\\\/02\\\/&quot;,&quot;sizes&quot;:{&quot;86&quot;:&quot;PLAKAT_clanak_cover_1-86x64.jpg&quot;,&quot;210&quot;:&quot;PLAKAT_clanak_cover_1-210x136.jpg&quot;,&quot;1200&quot;:&quot;PLAKAT_clanak_cover_1.jpg&quot;}}\"\t\t\t\t\t\tclass=\"img-holder\" href=\"http:\/\/balans.org.ba\/tr\/osmanska-skola-za-mlade\/\"><\/a>\n\t\t\t\t\t\t\t<\/div>\n\t\t<h2 class=\"title\">\t\t<a href=\"http:\/\/balans.org.ba\/tr\/osmanska-skola-za-mlade\/\" class=\"post-url post-title\">\n\t\t\tPOZIV: PRVA GENERACIJA OSMANSKE \u0160KOLE ZA MLADE\t\t<\/a>\n\t\t<\/h2>\t\t<div class=\"post-meta\">\n\n\t\t\t\t\t\t\t<span class=\"time\"><time class=\"post-published updated\"\n\t\t\t\t                         datetime=\"2021-02-09T12:22:09+01:00\"><\/time><\/span>\n\t\t\t\t\t\t<\/div>\n\t\t\t<\/div>\n\t<\/article>\n\t<article class=\"post-1022 type-post format-standard has-post-thumbnail   listing-item listing-item-thumbnail listing-item-tb-1 main-term-1\">\n\t<div class=\"item-inner clearfix\">\n\t\t\t\t\t<div class=\"featured featured-type-featured-image\">\n\t\t\t\t<a  title=\"U KONJICU ODR\u017dANA PROMOCIJA KNJIGE &#8220;NED\u017dMETTIN ERBAKAN: \u017dIVOT, DJELO, IDEJA&#8221;\" data-src=\"http:\/\/balans.org.ba\/wp-content\/uploads\/2020\/10\/slika-7-konjic-86x64.jpg\" data-bs-srcset=\"{&quot;baseurl&quot;:&quot;http:\\\/\\\/balans.org.ba\\\/wp-content\\\/uploads\\\/2020\\\/10\\\/&quot;,&quot;sizes&quot;:{&quot;86&quot;:&quot;slika-7-konjic-86x64.jpg&quot;,&quot;210&quot;:&quot;slika-7-konjic-210x136.jpg&quot;,&quot;4579&quot;:&quot;slika-7-konjic.jpg&quot;}}\"\t\t\t\t\t\tclass=\"img-holder\" href=\"http:\/\/balans.org.ba\/tr\/u-konjicu-odrzana-promocija-knjige-nedzmettin-erbakan-zivot-djelo-ideja\/\"><\/a>\n\t\t\t\t\t\t\t<\/div>\n\t\t<h2 class=\"title\">\t\t<a href=\"http:\/\/balans.org.ba\/tr\/u-konjicu-odrzana-promocija-knjige-nedzmettin-erbakan-zivot-djelo-ideja\/\" class=\"post-url post-title\">\n\t\t\tU KONJICU ODR\u017dANA PROMOCIJA KNJIGE &#8220;NED\u017dMETTIN ERBAKAN: \u017dIVOT,&hellip;\t\t<\/a>\n\t\t<\/h2>\t\t<div class=\"post-meta\">\n\n\t\t\t\t\t\t\t<span class=\"time\"><time class=\"post-published updated\"\n\t\t\t\t                         datetime=\"2020-10-27T12:13:49+01:00\"><\/time><\/span>\n\t\t\t\t\t\t<\/div>\n\t\t\t<\/div>\n\t<\/article>\n\t<article class=\"post-1013 type-post format-standard has-post-thumbnail   listing-item listing-item-thumbnail listing-item-tb-1 main-term-1\">\n\t<div class=\"item-inner clearfix\">\n\t\t\t\t\t<div class=\"featured featured-type-featured-image\">\n\t\t\t\t<a  title=\"U izdanju Balkanskog centra za analizu i studije objavljenja publikacija pod nazivom \u201eAlbanci, Bo\u0161njaci i Turci \u2013 Pro\u0161lost i perspektive\u201c\" data-src=\"http:\/\/balans.org.ba\/wp-content\/uploads\/2020\/03\/albanbo\u0161njaturk-86x64.jpg\" data-bs-srcset=\"{&quot;baseurl&quot;:&quot;http:\\\/\\\/balans.org.ba\\\/wp-content\\\/uploads\\\/2020\\\/03\\\/&quot;,&quot;sizes&quot;:{&quot;86&quot;:&quot;albanbo\\u0161njaturk-86x64.jpg&quot;,&quot;210&quot;:&quot;albanbo\\u0161njaturk-210x136.jpg&quot;,&quot;2048&quot;:&quot;albanbo\\u0161njaturk.jpg&quot;}}\"\t\t\t\t\t\tclass=\"img-holder\" href=\"http:\/\/balans.org.ba\/tr\/u-izdanju-balkanskog-centra-za-analizu-i-studije-objavljenja-publikacija-pod-nazivom-albanci-bosnjaci-i-turci-proslost-i-perspektive\/\"><\/a>\n\t\t\t\t\t\t\t<\/div>\n\t\t<h2 class=\"title\">\t\t<a href=\"http:\/\/balans.org.ba\/tr\/u-izdanju-balkanskog-centra-za-analizu-i-studije-objavljenja-publikacija-pod-nazivom-albanci-bosnjaci-i-turci-proslost-i-perspektive\/\" class=\"post-url post-title\">\n\t\t\tU izdanju Balkanskog centra za analizu i studije objavljenja&hellip;\t\t<\/a>\n\t\t<\/h2>\t\t<div class=\"post-meta\">\n\n\t\t\t\t\t\t\t<span class=\"time\"><time class=\"post-published updated\"\n\t\t\t\t                         datetime=\"2020-03-03T11:25:57+01:00\"><\/time><\/span>\n\t\t\t\t\t\t<\/div>\n\t\t\t<\/div>\n\t<\/article>\n\t<\/div>\n\t\t\t\t\t<\/div>\n\t\t\t\t\t\t<\/div>\n\t<\/div>\n\n\t<\/div><\/div><\/div><\/div><\/div><\/div><div class=\"row vc_row wpb_row vc_row-fluid\"><div class=\"bs-vc-wrapper\"><div class=\"wpb_column bs-vc-column vc_column_container vc_col-sm-12\"><div class=\"bs-vc-wrapper wpb_wrapper\"><div class=\"bs-listing bs-listing-listing-thumbnail-2 bs-listing-single-tab pagination-animate\">\t\t\t<h3 class=\"section-heading sh-t1 sh-s1 main-term-none\">\n\n\t\t\t\n\t\t\t\t\t\t\t\t\t<span class=\"h-text main-term-none main-link\">\n\t\t\t\t\t\tRecent Posts\t\t\t\t\t<\/span>\n\t\t\t\t\n\t\t\t\n\t\t\t<\/h3>\n\t\t\t<\/div><\/div><\/div><\/div><\/div><div data-vc-full-width=\"true\" data-vc-full-width-init=\"false\" class=\"row vc_row wpb_row vc_row-fluid vc_custom_1469805580956 vc_row-has-fill\"><div class=\"bs-vc-wrapper\"><div class=\"wpb_column bs-vc-column vc_column_container vc_col-sm-12\"><div class=\"bs-vc-wrapper wpb_wrapper\"><div class=\"bs-listing bs-listing-modern-grid-listing-6 bs-listing-single-tab\">\t<div class=\"listing listing-modern-grid listing-modern-grid-6 clearfix slider-overlay-simple-gr bsw-7\">\n\t\t\t\t<div class=\"mg-col mg-col-1\">\n\t\t\t\t\t<\/div>\n\t\t<div class=\"mg-col mg-col-2\">\n\t\t\t\t\t<\/div>\n\t<\/div>\n<\/div><\/div><\/div><\/div><\/div><div class=\"vc_row-full-width vc_clearfix\"><\/div><div class=\"row vc_row wpb_row vc_row-fluid\"><div class=\"bs-vc-wrapper\"><div class=\"wpb_column bs-vc-column vc_column_container vc_col-sm-8\"><div class=\"bs-vc-wrapper wpb_wrapper\"><div class=\"bs-listing bs-listing-listing-mix-2-1 bs-listing-single-tab pagination-animate\">\t\t\t<h3 class=\"section-heading sh-t1 sh-s1 main-term-none\">\n\n\t\t\t\n\t\t\t\t\t\t\t\t\t<span class=\"h-text main-term-none main-link\">\n\t\t\t\t\t\tRecent Posts\t\t\t\t\t<\/span>\n\t\t\t\t\n\t\t\t\n\t\t\t<\/h3>\n\t\t\t<\/div><div class=\"bs-listing bs-listing-listing-tall-1 bs-listing-single-tab pagination-animate\">\t\t\t<h3 class=\"section-heading sh-t1 sh-s1 main-term-none\">\n\n\t\t\t\n\t\t\t\t\t\t\t\t\t<span class=\"h-text main-term-none main-link\">\n\t\t\t\t\t\tRecent Posts\t\t\t\t\t<\/span>\n\t\t\t\t\n\t\t\t\n\t\t\t<\/h3>\n\t\t\t<\/div><div class=\"bs-listing bs-listing-listing-blog-1 bs-listing-single-tab pagination-animate\">\t\t\t<h3 class=\"section-heading sh-t1 sh-s1 main-term-none\">\n\n\t\t\t\n\t\t\t\t\t\t\t\t\t<span class=\"h-text main-term-none main-link\">\n\t\t\t\t\t\tRecent Posts\t\t\t\t\t<\/span>\n\t\t\t\t\n\t\t\t\n\t\t\t<\/h3>\n\t\t\t<\/div><\/div><\/div><div class=\"sticky-column wpb_column bs-vc-column vc_column_container vc_col-sm-4\"><div class=\"bs-vc-wrapper wpb_wrapper\">\t\t<div  class=\"bscb-15219  vc_custom_1469806271654 have_bg better-studio-shortcode bsc-clearfix better-social-counter style-modern colored in-4-col\">\n\t\t\t\t\t<h3 class=\"section-heading sh-t1 sh-s1\">\n\t\t\t\t<span class=\"h-text\">Stay With Us<\/span>\n\t\t\t\t<\/h3>\n\t\t\t\t\t<ul class=\"social-list bsc-clearfix\"><li class=\"social-item facebook\"><a href=\"https:\/\/www.facebook.com\/balansorg\" class=\"item-link\" target=\"_blank\"><i class=\"item-icon bsfi-facebook\" ><\/i> <span class=\"item-count\" > Facebook<\/span> <span class=\"item-title\" > Likes<\/span> <\/a> <\/li> <li class=\"social-item instagram\"><a href=\"https:\/\/instagram.com\/balansorg\" class=\"item-link\" target=\"_blank\"><i class=\"item-icon bsfi-instagram\" ><\/i> <span class=\"item-count\" > Instagram<\/span> <span class=\"item-title\" > Followers<\/span> <\/a> <\/li> <li class=\"social-item twitter\"><a href=\"https:\/\/twitter.com\/balansorg\" class=\"item-link\" target=\"_blank\"><i class=\"item-icon bsfi-twitter\" ><\/i> <span class=\"item-count\" > Twitter<\/span> <span class=\"item-title\" > Followers<\/span> <\/a> <\/li> <li class=\"social-item google\"><a href=\"https:\/\/plus.google.com\/116030018206526131828\" class=\"item-link\" target=\"_blank\"><i class=\"item-icon bsfi-google\" ><\/i> <span class=\"item-count\" > Google+<\/span> <span class=\"item-title\" > Followers<\/span> <\/a> <\/li> <li class=\"social-item youtube\"><a href=\"https:\/\/youtube.com\/user\/UCykKWMSnIERb1Lx6eC9TNeg\" class=\"item-link\" target=\"_blank\"><i class=\"item-icon bsfi-youtube\" ><\/i> <span class=\"item-count\" > Youtube<\/span> <span class=\"item-title\" > Subscribers<\/span> <\/a> <\/li> <li class=\"social-item vimeo\"><a href=\"https:\/\/vimeo.com\/channels\/nicetype\" class=\"item-link\" target=\"_blank\"><i class=\"item-icon bsfi-vimeo\" ><\/i> <span class=\"item-count\" > 117k<\/span> <span class=\"item-title\" > Subscribers<\/span> <\/a> <\/li> <li class=\"social-item pinterest\"><a href=\"http:\/\/www.pinterest.com\/betterstudio\" class=\"item-link\" target=\"_blank\"><i class=\"item-icon bsfi-pinterest\" ><\/i> <span class=\"item-count\" > Pinterest<\/span> <span class=\"item-title\" > Followers<\/span> <\/a> <\/li> <li class=\"social-item envato\"><a href=\"http:\/\/betterstudio.com\" class=\"item-link\" target=\"_blank\"><i class=\"item-icon bsfi-envato\" ><\/i> <span class=\"item-count\" > ThemeForest<\/span> <span class=\"item-title\" > Subscribers<\/span> <\/a> <\/li> \t\t\t<\/ul>\n\t\t<\/div>\n\t\t\t<div  class=\"bs-shortcode bs-instagram clearfix bscb-48949  vc_custom_1469814257164 have_bg\">\n\t\t\t\t<h3 class=\"section-heading sh-t1 sh-s1\">\n\t\t\t\t<span class=\"h-text\">Instagram<\/span>\n\t\t\t\t<\/h3>\n\t\t\t<\/div><!-- .bs-instagram -->\n<div class=\"bscb-52845  vc_custom_1469814263950 have_bg bs-listing bs-listing-listing-thumbnail-3 bs-listing-single-tab pagination-animate\">\t\t\t<h3 class=\"section-heading sh-t1 sh-s1 main-term-none\">\n\n\t\t\t\n\t\t\t\t\t\t\t\t\t<span class=\"h-text main-term-none main-link\">\n\t\t\t\t\t\tRecent Posts\t\t\t\t\t<\/span>\n\t\t\t\t\n\t\t\t\n\t\t\t<\/h3>\n\t\t\t<\/div>    <div  class=\"bs-shortcode bs-subscribe-newsletter bs-feedburner-newsletter bscb-38661  vc_custom_1469814327763 have_bg\">\n\t\t\t\t<h3 class=\"section-heading sh-t1 sh-s1\">\n\t\t\t\t<span class=\"h-text\">Newsletter<\/span>\n\t\t\t\t<\/h3>\n\t\t            <div class=\"subscribe-image\">\n                <img src=\"http:\/\/balans.org.ba\/wp-content\/uploads\/2016\/12\/pure-magazine-email-illustration.png\" alt=\"Newsletter\">\n            <\/div>\n\t\t\n        <div class=\"subscribe-message\">\n\t\t\t<p>Subscribe newsletter to stay update! <\/p>\n        <\/div>\n\n        <form method=\"post\" action=\"\/\/feedburner.google.com\/fb\/a\/mailverify\" class=\"bs-subscribe-feedburner clearfix\"\n              target=\"_blank\" data-trp-original-action=\"\/\/feedburner.google.com\/fb\/a\/mailverify\">\n            <input type=\"hidden\" value=\"#\" name=\"uri\"\/>\n            <input type=\"hidden\" name=\"loc\" value=\"tr_TR\"\/>\n            <input type=\"text\" id=\"feedburner-email\" name=\"email\" class=\"newsletter-email\"\n                   placeholder=\"Enter your e-mail ..\"\/>\n            <button class=\"newsletter-subscribe\" name=\"submit\"\n                    type=\"submit\">Subscribe<\/button>\n\n\t\t\t                <p class=\"powered-by\">Powered by <img\n                            src=\"http:\/\/balans.org.ba\/wp-content\/themes\/publisher\/images\/other\/feedburner.png\" data-bsrjs=\"http:\/\/balans.org.ba\/wp-content\/themes\/publisher\/images\/other\/feedburner@2x.png\" alt=\"MailChimp\"\/>\n                <\/p>\n\t\t\t        <input type=\"hidden\" name=\"trp-form-language\" value=\"tr\"\/><\/form>\n\n    <\/div>\n<\/div><\/div><\/div><\/div>","protected":false},"excerpt":{"rendered":"U izdanju Balkanskog centra za analizu i studije objavljenja je publikacija pod nazivom \u201eAlbanci, Bo\u0161njaci i Turci \u2013 Pro\u0161lost i perspektive\u201c.\u00a0 Ova publikacija predstavlja Zbornik sa\u017eetaka radova sa Me\u0111unarodnog simpozija, odr\u017eanog 23. maja 2015. godine u Sarajevu. Urednik izdanja je Edin Salkovi\u0107, koji je ujedno i dio redakcijskog kolegija koji jo\u0161 \u010dine Adem Kasa, dr.sc. [...]","protected":false},"author":1,"featured_media":0,"parent":0,"menu_order":0,"comment_status":"closed","ping_status":"closed","template":"","meta":[],"_links":{"self":[{"href":"http:\/\/balans.org.ba\/tr\/wp-json\/wp\/v2\/pages\/128"}],"collection":[{"href":"http:\/\/balans.org.ba\/tr\/wp-json\/wp\/v2\/pages"}],"about":[{"href":"http:\/\/balans.org.ba\/tr\/wp-json\/wp\/v2\/types\/page"}],"author":[{"embeddable":true,"href":"http:\/\/balans.org.ba\/tr\/wp-json\/wp\/v2\/users\/1"}],"replies":[{"embeddable":true,"href":"http:\/\/balans.org.ba\/tr\/wp-json\/wp\/v2\/comments?post=128"}],"version-history":[{"count":0,"href":"http:\/\/balans.org.ba\/tr\/wp-json\/wp\/v2\/pages\/128\/revisions"}],"wp:attachment":[{"href":"http:\/\/balans.org.ba\/tr\/wp-json\/wp\/v2\/media?parent=128"}],"curies":[{"name":"wp","href":"https:\/\/api.w.org\/{rel}","templated":true}]}}